{"id":9,"date":"2021-09-17T19:16:00","date_gmt":"2021-09-17T17:16:00","guid":{"rendered":"http:\/\/orieldesmenetriers.com\/?page_id=9"},"modified":"2021-09-20T18:29:07","modified_gmt":"2021-09-20T16:29:07","slug":"votre-gite","status":"publish","type":"page","link":"https:\/\/orieldesmenetriers.com\/?page_id=9","title":{"rendered":"Notre g\u00eete de L&rsquo;Oriel des M\u00e9n\u00e9triers class\u00e9 **** pour 2 personnes"},"content":{"rendered":"\n<p class=\"wp-block-paragraph\"><\/p>\n\n\n\n<p class=\"wp-block-paragraph\"><\/p>\n\n\n\n<p class=\"wp-block-paragraph\">Situ\u00e9 au <strong>centre historique<\/strong> de <strong>Ribeauvill\u00e9<\/strong> et r\u00e9nov\u00e9 en <strong>2018<\/strong>, est attenant \u00e0 notre maison renaissance construite en 1639, class\u00e9e Monument Historique, dont vous pourrez admirer de vos fen\u00eatres, les portraits des premiers propri\u00e9taires ornant l&rsquo;oriel. Nous aurons le plaisir de vous <strong>accueillir personnellement <\/strong>afin de vous faire partager notre vision de l&rsquo;Alsace et nos conseils.<\/p>\n\n\n\n<p class=\"wp-block-paragraph\"><\/p>\n\n\n\n<p class=\"wp-block-paragraph\">D&rsquo;une superficie de <strong>50 m\u00b2<\/strong>, situ\u00e9 au <strong>premier \u00e9tage<\/strong>, cet appartement <strong>UNIQUE<\/strong> vous apportera <strong>bien-\u00eatre et confort <\/strong>lors de votre s\u00e9jour Haut-Rhinois.<\/p>\n\n\n\n<p class=\"wp-block-paragraph\">Il dispose d&rsquo;une chambre double <strong>romantique<\/strong>, d&rsquo;un s\u00e9jour spacieux au <strong>style anglais<\/strong> ouvrant sur une cuisine <strong>toute \u00e9quip\u00e9e<\/strong> au charme surann\u00e9 et une salle de bain vous offrant une <strong>douche italienne<\/strong> tout en ayant l&rsquo;intimit\u00e9 d&rsquo;un <strong>WC s\u00e9par\u00e9<\/strong>.<\/p>\n\n\n\n<p class=\"wp-block-paragraph\"><\/p>\n\n\n\n<p class=\"wp-block-paragraph\">Autre point important \u00e0 souligner, <strong>tr\u00e8s RARE<\/strong> \u00e0 Ribeauvill\u00e9, une cour fleurie et am\u00e9nag\u00e9e, partag\u00e9e par les propri\u00e9taires, <strong>vous accueille<\/strong> <strong>vous <\/strong>ainsi que <strong>votre v\u00e9hicule<\/strong>, pour vous \u00e9pargner la lourde charge d&rsquo;avoir \u00e0 trouver un stationnement, en plus de vous offrir un lieu de <strong>qui\u00e9tude et de repos<\/strong>.<\/p>\n\n\n\n<p class=\"wp-block-paragraph\"><\/p>\n\n\n\n<p class=\"wp-block-paragraph\"><\/p>\n\n\n\n<p class=\"wp-block-paragraph\">Voici la liste non-exhaustive des <strong>\u00e9quipements<\/strong> <strong>\u00e0 votre disposition<\/strong> :<\/p>\n\n\n\n<p class=\"wp-block-paragraph\"><\/p>\n\n\n\n<ul class=\"wp-block-list\"><li>Lit 140&#215;190 cm fait \u00e0 l&rsquo;arriv\u00e9e<\/li><li>Couverture suppl\u00e9mentaire<\/li><li>Espace bureau<\/li><li>Wifi haut d\u00e9bit<\/li><li>T\u00e9l\u00e9vision TNT<\/li><li>Lecteur DVD + DVDs<\/li><li>Livres et de quoi lire<\/li><li>Radio et Lecteur CD<\/li><li>Jeux de plateau<\/li><li>Savon<\/li><li>Linge de maison<\/li><li>S\u00e8che-cheveux<\/li><li>Lave-linge<\/li><li>S\u00e8che-linge<\/li><li>\u00c9tendoir \u00e0 linge<\/li><li>Fer \u00e0 repasser et sa nappe de repassage<\/li><li>\u00c9quipements de cuisine de base<\/li><li>Lave-vaisselle<\/li><li>Four \u00e0 micro-ondes<\/li><li>Four<\/li><li>R\u00e9frig\u00e9rateur et compartiment cong\u00e9lateur<\/li><li>Plaque \u00e0 induction 3 feux<\/li><li>Cafeti\u00e8re Tassimo et ses capsules de Th\u00e9 et de Caf\u00e9<\/li><li>Grille-pain<\/li><li>Bouilloire \u00e9lectrique<\/li><li>Parapluies<\/li><li>Ventilateurs portables \u00e0 la demande<\/li><li>Produits de nettoyage<\/li><li>Chauffage central au gaz<\/li><li>Eau chaude<\/li><li>Entr\u00e9e priv\u00e9e<\/li><li>Cour fleurie<\/li><li>Mobilier d&rsquo;ext\u00e9rieur<\/li><li>Parking gratuit sur place<\/li><li>Parking gratuit dans la rue<\/li><li>D\u00e9p\u00f4t de bagages autoris\u00e9 avant l&rsquo;heure autoris\u00e9e d&rsquo;arriv\u00e9e<\/li><\/ul>\n\n\n\n<p class=\"wp-block-paragraph\"><\/p>\n\n\n\n<p class=\"wp-block-paragraph\"><\/p>\n\n\n\n<p class=\"wp-block-paragraph\"><strong>Ribeauvill\u00e9<\/strong>, petite bourgade de charme en plein c\u0153ur du <strong>vignoble alsacien<\/strong>.<\/p>\n\n\n\n<p class=\"wp-block-paragraph\">Laissez-vous guider par ses ruelles aux maisons pluricentenaires, prenez un instant pour contempler les <strong>trois ch\u00e2teaux<\/strong> visibles de toute part en centre ville.<\/p>\n\n\n\n<p class=\"wp-block-paragraph\">Ses multiples <strong>restaurants<\/strong> sauront ravir vos papilles, les <strong>commerces<\/strong> h\u00e9t\u00e9roclites et de proximit\u00e9 satisferont votre fi\u00e8vre acheteuse, le tout \u00e0 <strong>moins de 50 m\u00e8tres de votre logement<\/strong> !<\/p>\n\n\n\n<p class=\"wp-block-paragraph\">Une sup\u00e9rette <strong>Carrefour express<\/strong> vous attend \u00e0 proximit\u00e9 de votre logement, jusqu&rsquo;\u00e0 20h00, si vous d\u00e9sirez y faire vos courses.<\/p>\n\n\n\n<p class=\"wp-block-paragraph\"><\/p>\n\n\n\n<p class=\"wp-block-paragraph\">Ribeauvill\u00e9 est id\u00e9alement situ\u00e9, sur <strong>la route des vins<\/strong>, \u00e0 la <strong>fronti\u00e8re du Haut et Bas Rhin<\/strong>, point de d\u00e9part de nombreuses <strong>randonn\u00e9es<\/strong> sur les contreforts et sommets vosgiens.<br>Dans un <strong>p\u00e9rim\u00e8tre de 15km<\/strong>, vous fendrez les eaux de la petite Venise de <strong>Colmar<\/strong>, vous vous cultiverez \u00e0 la biblioth\u00e8que humaniste de <strong>S\u00e9lestat<\/strong>, vous savourerez la qui\u00e9tude de la bourgade m\u00e9di\u00e9vale de <strong>Bergheim<\/strong>, vous foulerez le pav\u00e9 d&rsquo;un des plus beaux villages de France qu&rsquo;est <strong>Kaysersberg<\/strong>, vous admirerez l&rsquo;enceinte fortifi\u00e9e de l&rsquo;\u00e9glise de <strong>Hunawihr<\/strong> et vous d\u00e9gusterez la choucroute verte de <strong>Riquewihr<\/strong>, cette derni\u00e8re cit\u00e9 \u00e0 contempler du haut de <strong>Zellenberg<\/strong>.<\/p>\n\n\n\n<p class=\"wp-block-paragraph\"><\/p>\n","protected":false},"excerpt":{"rendered":"<p>Situ\u00e9 au centre historique de Ribeauvill\u00e9 et r\u00e9nov\u00e9 en 2018, est attenant \u00e0 notre maison renaissance construite en 1639, class\u00e9e Monument Historique, dont vous pourrez admirer de vos fen\u00eatres, les portraits des premiers propri\u00e9taires ornant l&rsquo;oriel. Nous aurons le plaisir de vous accueillir personnellement afin de vous faire partager notre vision de l&rsquo;Alsace et nos [&hellip;]<\/p>\n","protected":false},"author":1,"featured_media":0,"parent":0,"menu_order":0,"comment_status":"closed","ping_status":"closed","template":"","meta":{"_crdt_document":"","footnotes":""},"class_list":["post-9","page","type-page","status-publish","hentry"],"_links":{"self":[{"href":"https:\/\/orieldesmenetriers.com\/index.php?rest_route=\/wp\/v2\/pages\/9","targetHints":{"allow":["GET"]}}],"collection":[{"href":"https:\/\/orieldesmenetriers.com\/index.php?rest_route=\/wp\/v2\/pages"}],"about":[{"href":"https:\/\/orieldesmenetriers.com\/index.php?rest_route=\/wp\/v2\/types\/page"}],"author":[{"embeddable":true,"href":"https:\/\/orieldesmenetriers.com\/index.php?rest_route=\/wp\/v2\/users\/1"}],"replies":[{"embeddable":true,"href":"https:\/\/orieldesmenetriers.com\/index.php?rest_route=%2Fwp%2Fv2%2Fcomments&post=9"}],"version-history":[{"count":7,"href":"https:\/\/orieldesmenetriers.com\/index.php?rest_route=\/wp\/v2\/pages\/9\/revisions"}],"predecessor-version":[{"id":196,"href":"https:\/\/orieldesmenetriers.com\/index.php?rest_route=\/wp\/v2\/pages\/9\/revisions\/196"}],"wp:attachment":[{"href":"https:\/\/orieldesmenetriers.com\/index.php?rest_route=%2Fwp%2Fv2%2Fmedia&parent=9"}],"curies":[{"name":"wp","href":"https:\/\/api.w.org\/{rel}","templated":true}]}}