{"id":2,"date":"2021-09-17T18:53:26","date_gmt":"2021-09-17T16:53:26","guid":{"rendered":"http:\/\/orieldesmenetriers.com\/?page_id=2"},"modified":"2023-09-11T13:05:47","modified_gmt":"2023-09-11T11:05:47","slug":"conditions-tarifs","status":"publish","type":"page","link":"https:\/\/orieldesmenetriers.com\/?page_id=2","title":{"rendered":"Conditions et Tarifs"},"content":{"rendered":"\n<p class=\"wp-block-paragraph\"><\/p>\n\n\n\n<p class=\"wp-block-paragraph\"><\/p>\n\n\n\n<p class=\"wp-block-paragraph\"><strong>Politique :<\/strong><\/p>\n\n\n\n<p class=\"wp-block-paragraph\"><\/p>\n\n\n\n<p class=\"wp-block-paragraph\"><\/p>\n\n\n\n<p class=\"wp-block-paragraph\">Votre r\u00e9servation fait l&rsquo;objet d&rsquo;un contrat de bail de location saisonni\u00e8re, un <strong>acompte de 30 %<\/strong> du montant total de votre s\u00e9jour vous sera r\u00e9clam\u00e9 lors de votre r\u00e9servation, ce dernier est <strong>non restituable en cas d&rsquo;annulation<\/strong>. Le <strong>solde<\/strong> sera vers\u00e9 le jour de votre arriv\u00e9e.<\/p>\n\n\n\n<p class=\"wp-block-paragraph\"><\/p>\n\n\n\n<p class=\"wp-block-paragraph\">Une <strong>caution de 300,00 \u20ac<\/strong> est demand\u00e9e sous forme de ch\u00e8que ou esp\u00e8ces lors de votre arriv\u00e9e et vous sera restitu\u00e9e lors de votre d\u00e9part si aucun dommage n&rsquo;est constat\u00e9.<\/p>\n\n\n\n<p class=\"wp-block-paragraph\"><\/p>\n\n\n\n<p class=\"wp-block-paragraph\"><\/p>\n\n\n\n<p class=\"wp-block-paragraph\"><strong>R\u00e8glement int\u00e9rieur :<\/strong><\/p>\n\n\n\n<p class=\"wp-block-paragraph\"><\/p>\n\n\n\n<p class=\"wp-block-paragraph\"><\/p>\n\n\n\n<p class=\"wp-block-paragraph\">Arriv\u00e9e&nbsp;: entre 16:00 et 18:00 sauf exception, auquel cas veuillez nous pr\u00e9venir au pr\u00e9alable au +33 (0) 6 61 31 38 85. <\/p>\n\n\n\n<p class=\"wp-block-paragraph\">Nous vous permettons de <strong>d\u00e9poser vos bagages<\/strong> en cas d&rsquo;arriv\u00e9e pr\u00e9coce.<\/p>\n\n\n\n<p class=\"wp-block-paragraph\"><\/p>\n\n\n\n<p class=\"wp-block-paragraph\">D\u00e9part&nbsp;: avant 10:00<\/p>\n\n\n\n<p class=\"wp-block-paragraph\"><\/p>\n\n\n\n<p class=\"wp-block-paragraph\">Ne convient pas aux enfants ni aux b\u00e9b\u00e9s<\/p>\n\n\n\n<p class=\"wp-block-paragraph\"><\/p>\n\n\n\n<p class=\"wp-block-paragraph\">Non fumeur<\/p>\n\n\n\n<p class=\"wp-block-paragraph\"><\/p>\n\n\n\n<p class=\"wp-block-paragraph\">Pas d&rsquo;animaux<\/p>\n\n\n\n<p class=\"wp-block-paragraph\"><\/p>\n\n\n\n<p class=\"wp-block-paragraph\">Pas de f\u00eate ni de soir\u00e9e<\/p>\n\n\n\n<p class=\"wp-block-paragraph\"><\/p>\n\n\n\n<p class=\"wp-block-paragraph\"><\/p>\n\n\n\n<p class=\"wp-block-paragraph\"><strong>Tarifs :<\/strong><\/p>\n\n\n\n<p class=\"wp-block-paragraph\"><\/p>\n\n\n\n<p class=\"wp-block-paragraph\"><\/p>\n\n\n\n<p class=\"wp-block-paragraph\"><strong>Tarif \u00e0 la nuit\u00e9e, 3 nuit\u00e9es minimum&nbsp;:<\/strong><\/p>\n\n\n\n<p class=\"wp-block-paragraph\"><\/p>\n\n\n\n<p class=\"wp-block-paragraph\"><strong>Basse saison\u00a0<\/strong>: 92,00 \u20ac incluant la taxe de s\u00e9jour<\/p>\n\n\n\n<p class=\"wp-block-paragraph\"><\/p>\n\n\n\n<p class=\"wp-block-paragraph\"><strong>Moyenne saison<\/strong>\u00a0: 106,00 \u20ac incluant la taxe de s\u00e9jour<\/p>\n\n\n\n<p class=\"wp-block-paragraph\"><\/p>\n\n\n\n<p class=\"wp-block-paragraph\"><strong>Haute saison<\/strong>\u00a0: 122,00 \u20ac incluant la taxe de s\u00e9jour<\/p>\n\n\n\n<p class=\"wp-block-paragraph\"><\/p>\n\n\n\n<p class=\"wp-block-paragraph\"><strong>Tr\u00e8s haute saison<\/strong>\u00a0: 140,00 \u20ac incluant la taxe de s\u00e9jour<\/p>\n\n\n\n<p class=\"wp-block-paragraph\"><\/p>\n\n\n\n<p class=\"wp-block-paragraph\"><\/p>\n\n\n\n<p class=\"wp-block-paragraph\">Une r\u00e9duction de 15 % est appliqu\u00e9e sur votre s\u00e9jour \u00e0 partir d&rsquo;une semaine de r\u00e9servation.<\/p>\n\n\n\n<p class=\"wp-block-paragraph\"><\/p>\n\n\n\n<p class=\"wp-block-paragraph\"><\/p>\n\n\n\n<p class=\"wp-block-paragraph\"><strong>Forfait m\u00e9nage&nbsp;de fin de s\u00e9jour obligatoire : <\/strong>45,00 \u20ac<\/p>\n\n\n\n<p class=\"wp-block-paragraph\"><\/p>\n\n\n\n<p class=\"wp-block-paragraph\"><\/p>\n\n\n\n<p class=\"wp-block-paragraph\"><strong>D\u00e9finition des saisons&nbsp;:<\/strong><\/p>\n\n\n\n<p class=\"wp-block-paragraph\"><\/p>\n\n\n\n<p class=\"wp-block-paragraph\"><strong>Basse saison<\/strong>&nbsp;: De Janvier \u00e0 Mai et d&rsquo;Octobre au troisi\u00e8me week-end de Novembre, en dehors des p\u00e9riodes de vacances scolaires et week-ends prolong\u00e9s.<\/p>\n\n\n\n<p class=\"wp-block-paragraph\"><\/p>\n\n\n\n<p class=\"wp-block-paragraph\"><strong>Moyenne saison<\/strong>&nbsp;: Juin et Septembre, Vacances de la Toussaint, Vacances d&rsquo;hiver et Vacances de P\u00e2ques.<\/p>\n\n\n\n<p class=\"wp-block-paragraph\"><\/p>\n\n\n\n<p class=\"wp-block-paragraph\"><strong>Haute saison<\/strong>&nbsp;: Juillet et Ao\u00fbt.<\/p>\n\n\n\n<p class=\"wp-block-paragraph\"><\/p>\n\n\n\n<p class=\"wp-block-paragraph\"><strong>Tr\u00e8s haute saison<\/strong>\u00a0: Du troisi\u00e8me week-end de Novembre \u00e0 la premi\u00e8re semaine de Janvier.<\/p>\n\n\n\n<p class=\"wp-block-paragraph\"><\/p>\n\n\n\n<p class=\"wp-block-paragraph\"><\/p>\n\n\n\n<p class=\"wp-block-paragraph\"><\/p>\n\n\n\n<p class=\"wp-block-paragraph\"><\/p>\n\n\n\n<p class=\"wp-block-paragraph\"><\/p>\n","protected":false},"excerpt":{"rendered":"<p>Politique : Votre r\u00e9servation fait l&rsquo;objet d&rsquo;un contrat de bail de location saisonni\u00e8re, un acompte de 30 % du montant total de votre s\u00e9jour vous sera r\u00e9clam\u00e9 lors de votre r\u00e9servation, ce dernier est non restituable en cas d&rsquo;annulation. Le solde sera vers\u00e9 le jour de votre arriv\u00e9e. Une caution de 300,00 \u20ac est demand\u00e9e [&hellip;]<\/p>\n","protected":false},"author":1,"featured_media":0,"parent":0,"menu_order":0,"comment_status":"closed","ping_status":"open","template":"","meta":{"_crdt_document":"","footnotes":""},"class_list":["post-2","page","type-page","status-publish","hentry"],"_links":{"self":[{"href":"https:\/\/orieldesmenetriers.com\/index.php?rest_route=\/wp\/v2\/pages\/2","targetHints":{"allow":["GET"]}}],"collection":[{"href":"https:\/\/orieldesmenetriers.com\/index.php?rest_route=\/wp\/v2\/pages"}],"about":[{"href":"https:\/\/orieldesmenetriers.com\/index.php?rest_route=\/wp\/v2\/types\/page"}],"author":[{"embeddable":true,"href":"https:\/\/orieldesmenetriers.com\/index.php?rest_route=\/wp\/v2\/users\/1"}],"replies":[{"embeddable":true,"href":"https:\/\/orieldesmenetriers.com\/index.php?rest_route=%2Fwp%2Fv2%2Fcomments&post=2"}],"version-history":[{"count":13,"href":"https:\/\/orieldesmenetriers.com\/index.php?rest_route=\/wp\/v2\/pages\/2\/revisions"}],"predecessor-version":[{"id":298,"href":"https:\/\/orieldesmenetriers.com\/index.php?rest_route=\/wp\/v2\/pages\/2\/revisions\/298"}],"wp:attachment":[{"href":"https:\/\/orieldesmenetriers.com\/index.php?rest_route=%2Fwp%2Fv2%2Fmedia&parent=2"}],"curies":[{"name":"wp","href":"https:\/\/api.w.org\/{rel}","templated":true}]}}