{"id":11,"date":"2021-09-17T19:16:00","date_gmt":"2021-09-17T17:16:00","guid":{"rendered":"http:\/\/orieldesmenetriers.com\/?page_id=11"},"modified":"2022-04-25T10:29:08","modified_gmt":"2022-04-25T08:29:08","slug":"accueil","status":"publish","type":"page","link":"https:\/\/orieldesmenetriers.com\/","title":{"rendered":"L&rsquo;Oriel des M\u00e9n\u00e9triers, votre g\u00eete de charme **** au c\u0153ur de la cit\u00e9 des m\u00e9n\u00e9triers de Ribeauvill\u00e9"},"content":{"rendered":"\n<p class=\"wp-block-paragraph\"><\/p>\n\n\n\n<p class=\"wp-block-paragraph\"><\/p>\n\n\n\n<p class=\"wp-block-paragraph\"><\/p>\n\n\n\n<p class=\"has-text-align-left wp-block-paragraph\">Couple \u00e9picurien ou amateur de patrimoine culturel, vous \u00eates ici au carrefour de hauts lieux touristiques alsaciens, tout en contemplant le vignoble alsacien de vos fen\u00eatres.<\/p>\n\n\n\n<p class=\"wp-block-paragraph\"><\/p>\n\n\n\n<p class=\"has-text-align-left wp-block-paragraph\">Nous vous invitons \u00e0 venir s\u00e9journer dans notre logement alliant tradition et modernit\u00e9, vous aurez tout le confort moderne dans un cadre d&rsquo;exception class\u00e9 Monument Historique.<\/p>\n\n\n\n<p class=\"wp-block-paragraph\"><\/p>\n\n\n\n<p class=\"wp-block-paragraph\">Nous vous attendons pour venir d\u00e9couvrir notre si belle Alsace au gr\u00e9 des saisons.<\/p>\n\n\n\n<p class=\"wp-block-paragraph\"><\/p>\n\n\n\n<p class=\"wp-block-paragraph\"><\/p>\n\n\n\n<p class=\"wp-block-paragraph\"><\/p>\n\n\n\n<div class=\"wp-block-buttons is-horizontal is-content-justification-center is-layout-flex wp-container-core-buttons-is-layout-7d812b4c wp-block-buttons-is-layout-flex\">\n<div class=\"wp-block-button is-style-outline is-style-outline--1\"><a class=\"wp-block-button__link has-background\" href=\"https:\/\/orieldesmenetriers.com\/index.php\/votre-reservation\/\" style=\"background-color:#fdf2d3\">R\u00e9servez votre g\u00eete \u00e0 Ribeauvill\u00e9 \u00e0 partir de 82 \u20ac la nuit\u00e9e<\/a><\/div>\n<\/div>\n\n\n\n<p class=\"wp-block-paragraph\"><\/p>\n\n\n\n<p class=\"wp-block-paragraph\"><\/p>\n\n\n\n<p class=\"wp-block-paragraph\" style=\"font-size:18px\"><strong>Ou nous situer :<\/strong><\/p>\n\n\n\n<iframe src=\"https:\/\/www.google.com\/maps\/embed?pb=!1m18!1m12!1m3!1d2659.6085858135298!2d7.318536315067519!3d48.194892555147106!2m3!1f0!2f0!3f0!3m2!1i1024!2i768!4f13.1!3m3!1m2!1s0x47915dda63de66e5%3A0x2c1c15a050ea01ba!2s4%20Rue%20Salzmann%2C%2068150%20Ribeauvill%C3%A9!5e0!3m2!1sfr!2sfr!4v1650875016121!5m2!1sfr!2sfr\" style=\"border:0;\" allowfullscreen=\"\" loading=\"lazy\" referrerpolicy=\"no-referrer-when-downgrade\" width=\"600\" height=\"450\"><\/iframe>\n\n\n\n<p class=\"wp-block-paragraph\"><\/p>\n","protected":false},"excerpt":{"rendered":"<p>Couple \u00e9picurien ou amateur de patrimoine culturel, vous \u00eates ici au carrefour de hauts lieux touristiques alsaciens, tout en contemplant le vignoble alsacien de vos fen\u00eatres. Nous vous invitons \u00e0 venir s\u00e9journer dans notre logement alliant tradition et modernit\u00e9, vous aurez tout le confort moderne dans un cadre d&rsquo;exception class\u00e9 Monument Historique. Nous vous attendons [&hellip;]<\/p>\n","protected":false},"author":1,"featured_media":0,"parent":0,"menu_order":0,"comment_status":"closed","ping_status":"closed","template":"","meta":{"_crdt_document":"","footnotes":""},"class_list":["post-11","page","type-page","status-publish","hentry"],"_links":{"self":[{"href":"https:\/\/orieldesmenetriers.com\/index.php?rest_route=\/wp\/v2\/pages\/11","targetHints":{"allow":["GET"]}}],"collection":[{"href":"https:\/\/orieldesmenetriers.com\/index.php?rest_route=\/wp\/v2\/pages"}],"about":[{"href":"https:\/\/orieldesmenetriers.com\/index.php?rest_route=\/wp\/v2\/types\/page"}],"author":[{"embeddable":true,"href":"https:\/\/orieldesmenetriers.com\/index.php?rest_route=\/wp\/v2\/users\/1"}],"replies":[{"embeddable":true,"href":"https:\/\/orieldesmenetriers.com\/index.php?rest_route=%2Fwp%2Fv2%2Fcomments&post=11"}],"version-history":[{"count":10,"href":"https:\/\/orieldesmenetriers.com\/index.php?rest_route=\/wp\/v2\/pages\/11\/revisions"}],"predecessor-version":[{"id":280,"href":"https:\/\/orieldesmenetriers.com\/index.php?rest_route=\/wp\/v2\/pages\/11\/revisions\/280"}],"wp:attachment":[{"href":"https:\/\/orieldesmenetriers.com\/index.php?rest_route=%2Fwp%2Fv2%2Fmedia&parent=11"}],"curies":[{"name":"wp","href":"https:\/\/api.w.org\/{rel}","templated":true}]}}